{"id":2948,"date":"2023-05-08T21:45:31","date_gmt":"2023-05-08T19:45:31","guid":{"rendered":"https:\/\/www.arcadieplaisance.com\/?page_id=2948"},"modified":"2025-04-22T17:39:15","modified_gmt":"2025-04-22T15:39:15","slug":"contacter-arcadie-plaisance","status":"publish","type":"page","link":"https:\/\/www.arcadieplaisance.com\/en\/contacter-arcadie-plaisance\/","title":{"rendered":"Contacter ARCADIE PLAISANCE"},"content":{"rendered":"<div data-elementor-type=\"wp-page\" data-elementor-id=\"2948\" class=\"elementor elementor-2948\" data-elementor-post-type=\"page\">\n\t\t\t\t\t\t<section class=\"elementor-section elementor-top-section elementor-element elementor-element-6ae51a57 elementor-section-height-min-height elementor-section-boxed elementor-section-height-default elementor-section-items-middle\" data-id=\"6ae51a57\" data-element_type=\"section\" data-e-type=\"section\" data-settings=\"{&quot;background_background&quot;:&quot;classic&quot;,&quot;jet_parallax_layout_list&quot;:[]}\">\n\t\t\t\t\t\t\t<div class=\"elementor-background-overlay\"><\/div>\n\t\t\t\t\t\t\t<div class=\"elementor-container elementor-column-gap-default\">\n\t\t\t\t\t<div class=\"elementor-column elementor-col-100 elementor-top-column elementor-element elementor-element-249a131a\" data-id=\"249a131a\" data-element_type=\"column\" data-e-type=\"column\">\n\t\t\t<div class=\"elementor-widget-wrap elementor-element-populated\">\n\t\t\t\t\t\t<div class=\"elementor-element elementor-element-f437cf6 elementor-widget elementor-widget-heading\" data-id=\"f437cf6\" data-element_type=\"widget\" data-e-type=\"widget\" data-widget_type=\"heading.default\">\n\t\t\t\t<div class=\"elementor-widget-container\">\n\t\t\t\t\t<h1 class=\"elementor-heading-title elementor-size-default\">CONTACT ARCADIE PLAISANCE<\/h1>\t\t\t\t<\/div>\n\t\t\t\t<\/div>\n\t\t\t\t\t<\/div>\n\t\t<\/div>\n\t\t\t\t\t<\/div>\n\t\t<\/section>\n\t\t\t\t<section class=\"elementor-section elementor-top-section elementor-element elementor-element-45dec78 envato-kit-141-top-0 elementor-section-content-middle elementor-section-boxed elementor-section-height-default elementor-section-height-default\" data-id=\"45dec78\" data-element_type=\"section\" data-e-type=\"section\" data-settings=\"{&quot;background_background&quot;:&quot;classic&quot;,&quot;jet_parallax_layout_list&quot;:[]}\">\n\t\t\t\t\t\t\t<div class=\"elementor-background-overlay\"><\/div>\n\t\t\t\t\t\t\t<div class=\"elementor-container elementor-column-gap-wider\">\n\t\t\t\t\t<div class=\"elementor-column elementor-col-50 elementor-top-column elementor-element elementor-element-65b79be\" data-id=\"65b79be\" data-element_type=\"column\" data-e-type=\"column\">\n\t\t\t<div class=\"elementor-widget-wrap elementor-element-populated\">\n\t\t\t\t\t\t<div class=\"elementor-element elementor-element-6d3c41c3 elementor-widget elementor-widget-text-editor\" data-id=\"6d3c41c3\" data-element_type=\"widget\" data-e-type=\"widget\" data-widget_type=\"text-editor.default\">\n\t\t\t\t<div class=\"elementor-widget-container\">\n\t\t\t\t\t\t\t\t\t<p>Choose the means of communication that suits you best to contact us:<\/p><p><br \/>We'll get back to you as soon as possible by e-mail, telephone or via the form.<\/p>\t\t\t\t\t\t\t\t<\/div>\n\t\t\t\t<\/div>\n\t\t\t\t<section class=\"elementor-section elementor-inner-section elementor-element elementor-element-2834d95f elementor-section-boxed elementor-section-height-default elementor-section-height-default\" data-id=\"2834d95f\" data-element_type=\"section\" data-e-type=\"section\" data-settings=\"{&quot;jet_parallax_layout_list&quot;:[]}\">\n\t\t\t\t\t\t<div class=\"elementor-container elementor-column-gap-no\">\n\t\t\t\t\t<div class=\"elementor-column elementor-col-100 elementor-inner-column elementor-element elementor-element-73e2d822 elementor-invisible\" data-id=\"73e2d822\" data-element_type=\"column\" data-e-type=\"column\" data-settings=\"{&quot;animation&quot;:&quot;fadeIn&quot;,&quot;animation_delay&quot;:150}\">\n\t\t\t<div class=\"elementor-widget-wrap elementor-element-populated\">\n\t\t\t\t\t\t<div class=\"elementor-element elementor-element-71e27df3 elementor-icon-list--layout-traditional elementor-list-item-link-full_width elementor-widget elementor-widget-icon-list\" data-id=\"71e27df3\" data-element_type=\"widget\" data-e-type=\"widget\" data-widget_type=\"icon-list.default\">\n\t\t\t\t<div class=\"elementor-widget-container\">\n\t\t\t\t\t\t\t<ul class=\"elementor-icon-list-items\">\n\t\t\t\t\t\t\t<li class=\"elementor-icon-list-item\">\n\t\t\t\t\t\t\t\t\t\t\t<span class=\"elementor-icon-list-icon\">\n\t\t\t\t\t\t\t<i aria-hidden=\"true\" class=\"fas fa-map-marker-alt\"><\/i>\t\t\t\t\t\t<\/span>\n\t\t\t\t\t\t\t\t\t\t<span class=\"elementor-icon-list-text\">22 Place Fran\u00e7ois Spoerry Port Grimaud Sud 83310 GRIMAUD\u200b<\/span>\n\t\t\t\t\t\t\t\t\t<\/li>\n\t\t\t\t\t\t\t\t<li class=\"elementor-icon-list-item\">\n\t\t\t\t\t\t\t\t\t\t\t<span class=\"elementor-icon-list-icon\">\n\t\t\t\t\t\t\t<i aria-hidden=\"true\" class=\"fas fa-phone\"><\/i>\t\t\t\t\t\t<\/span>\n\t\t\t\t\t\t\t\t\t\t<span class=\"elementor-icon-list-text\">+33 (0)4 94 55 23 29\u200b<\/span>\n\t\t\t\t\t\t\t\t\t<\/li>\n\t\t\t\t\t\t\t\t<li class=\"elementor-icon-list-item\">\n\t\t\t\t\t\t\t\t\t\t\t<span class=\"elementor-icon-list-icon\">\n\t\t\t\t\t\t\t<i aria-hidden=\"true\" class=\"far fa-envelope-open\"><\/i>\t\t\t\t\t\t<\/span>\n\t\t\t\t\t\t\t\t\t\t<span class=\"elementor-icon-list-text\">charter@major-group.fr<\/span>\n\t\t\t\t\t\t\t\t\t<\/li>\n\t\t\t\t\t\t<\/ul>\n\t\t\t\t\t\t<\/div>\n\t\t\t\t<\/div>\n\t\t\t\t\t<\/div>\n\t\t<\/div>\n\t\t\t\t\t<\/div>\n\t\t<\/section>\n\t\t\t\t\t<\/div>\n\t\t<\/div>\n\t\t\t\t<div class=\"elementor-column elementor-col-50 elementor-top-column elementor-element elementor-element-5ba6df07 envato-kit-141-newsletter-inline elementor-invisible\" data-id=\"5ba6df07\" data-element_type=\"column\" data-e-type=\"column\" data-settings=\"{&quot;background_background&quot;:&quot;classic&quot;,&quot;animation&quot;:&quot;pulse&quot;,&quot;animation_delay&quot;:200}\">\n\t\t\t<div class=\"elementor-widget-wrap elementor-element-populated\">\n\t\t\t\t\t\t<div class=\"elementor-element elementor-element-3a945497 elementor-widget elementor-widget-heading\" data-id=\"3a945497\" data-element_type=\"widget\" data-e-type=\"widget\" data-widget_type=\"heading.default\">\n\t\t\t\t<div class=\"elementor-widget-container\">\n\t\t\t\t\t<h2 class=\"elementor-heading-title elementor-size-default\">Send your message<\/h2>\t\t\t\t<\/div>\n\t\t\t\t<\/div>\n\t\t\t\t<div class=\"elementor-element elementor-element-7aef75f3 elementor-widget-divider--view-line elementor-widget elementor-widget-divider\" data-id=\"7aef75f3\" data-element_type=\"widget\" data-e-type=\"widget\" data-widget_type=\"divider.default\">\n\t\t\t\t<div class=\"elementor-widget-container\">\n\t\t\t\t\t\t\t<div class=\"elementor-divider\">\n\t\t\t<span class=\"elementor-divider-separator\">\n\t\t\t\t\t\t<\/span>\n\t\t<\/div>\n\t\t\t\t\t\t<\/div>\n\t\t\t\t<\/div>\n\t\t\t\t<div class=\"elementor-element elementor-element-420bbba elementor-widget elementor-widget-jet-form-builder-form\" data-id=\"420bbba\" data-element_type=\"widget\" data-e-type=\"widget\" data-widget_type=\"jet-form-builder-form.default\">\n\t\t\t\t<div class=\"elementor-widget-container\">\n\t\t\t\t\t<link rel='stylesheet' id='wp-block-library-css' href='https:\/\/www.arcadieplaisance.com\/wp-includes\/css\/dist\/block-library\/style.min.css?ver=6.9.4' media='all' \/>\n<link rel=\"preconnect\" href=\"https:\/\/fonts.gstatic.com\"><style id=\"jet-form-builder-3775-inline-css\">.jet-sm-gb-e49443d8-8a29-40ba-8288-836622af67ec .jet-form-builder__action-button:hover:not(:disabled){background-color: ;} .jet-sm-gb-eb2b1c04-06d8-4718-aacf-d221bfdf32ec .jet-form-builder__desc.jet-form-builder__desc.jet-form-builder__desc{background-color: ;} .jet-sm-gb-35e2cec9-85c7-4dff-84f1-44c89c4cc918 .jet-form-builder__desc.jet-form-builder__desc.jet-form-builder__desc{background-color: ;} .jet-sm-gb-8d325269-eeb3-47bb-9d92-7a79b51679f9 .jet-form-builder__desc.jet-form-builder__desc.jet-form-builder__desc{background-color: ;} .jet-sm-gb-582e3284-467f-41dc-a95b-801961ae40ba .jet-form-builder__desc.jet-form-builder__desc.jet-form-builder__desc{background-color: ;} <\/style><form  class=\"jet-form-builder layout-row submit-type-ajax\" action=\"https:\/\/www.arcadieplaisance.com\/en\/wp-json\/wp\/v2\/pages\/2948\/?9lMGMg=nChZLYcW7U&#038;method=reload\" method=\"POST\" data-form-id=\"3775\" data-layout=\"row\" enctype=\"multipart\/form-data\" novalidate=\"null\" ssr_validation_method=\"rest\" data-trp-original-action=\"https:\/\/www.arcadieplaisance.com\/en\/wp-json\/wp\/v2\/pages\/2948\/?9lMGMg=nChZLYcW7U&amp;method=reload\">\r\n<input type=\"hidden\" name=\"_jfb_current_render_states[]\" value=\"DEFAULT.STATE\" data-jfb-sync \/><input type=\"hidden\" class=\"jet-form-builder__field hidden-field\" name=\"_jet_engine_booking_form_id\" data-field-name=\"_jet_engine_booking_form_id\" value=\"3775\">\n<input type=\"hidden\" class=\"jet-form-builder__field hidden-field\" name=\"_jet_engine_refer\" data-field-name=\"_jet_engine_refer\" value=\"https:\/\/www.arcadieplaisance.com\/en\/wp-json\/wp\/v2\/pages\/2948\/\">\n<input type=\"hidden\" class=\"jet-form-builder__field hidden-field\" name=\"__queried_post_id\" data-field-name=\"__queried_post_id\" value=\"2948\">\n\n<div class=\"wp-block-columns is-layout-flex wp-container-core-columns-is-layout-28f84493 wp-block-columns-is-layout-flex\">\n<div class=\"wp-block-column is-layout-flow wp-block-column-is-layout-flow\"><div class=\"jet-sm-gb-wrapper jet-sm-gb-582e3284-467f-41dc-a95b-801961ae40ba\" data-block-id=\"jet-sm-gb-582e3284-467f-41dc-a95b-801961ae40ba\" ><div  class=\"jet-form-builder-row field-type-text-field\" >\n\t<div class=\"jet-form-builder-col__start\">\n\t\t<div class=\"jet-form-builder__label\">\r\n<div class=\"jet-form-builder__label-text\">Name <span class=\"jet-form-builder__required\">*<\/span><\/div><\/div>\t<\/div>\n<div class=\"jet-form-builder-col__end\">\n\t<div class=\"jet-form-builder__field-wrap\">\n\t\t\t\t<input required=\"required\" name=\"nom\" id=\"nom\" type=\"text\" data-field-name=\"nom\" class=\"jet-form-builder__field text-field\" data-jfb-sync=\"null\" autocomplete=\"off_ozR91hl3\">\n\t\t\t\t\t<\/div><\/div>\n\n<\/div><\/div>\n\n<div class=\"jet-sm-gb-wrapper jet-sm-gb-eb2b1c04-06d8-4718-aacf-d221bfdf32ec\" data-block-id=\"jet-sm-gb-eb2b1c04-06d8-4718-aacf-d221bfdf32ec\" ><div  class=\"jet-form-builder-row field-type-text-field\" >\n\t<div class=\"jet-form-builder-col__start\">\n\t\t<div class=\"jet-form-builder__label\">\r\n<div class=\"jet-form-builder__label-text\">E-mail <span class=\"jet-form-builder__required\">*<\/span><\/div><\/div>\t<\/div>\n<div class=\"jet-form-builder-col__end\">\n\t<div class=\"jet-form-builder__field-wrap\">\n\t\t\t\t<input required=\"required\" name=\"e-mail\" id=\"e-mail\" type=\"email\" data-field-name=\"e-mail\" class=\"jet-form-builder__field text-field\" data-jfb-sync=\"null\" autocomplete=\"off_shu9WTyZ\">\n\t\t\t\t\t<\/div><\/div>\n\n<\/div><\/div>\n\n<div class=\"jet-sm-gb-wrapper jet-sm-gb-35e2cec9-85c7-4dff-84f1-44c89c4cc918\" data-block-id=\"jet-sm-gb-35e2cec9-85c7-4dff-84f1-44c89c4cc918\" ><div  class=\"jet-form-builder-row field-type-text-field\" >\n\t<div class=\"jet-form-builder-col__start\">\n\t\t<div class=\"jet-form-builder__label\">\r\n<div class=\"jet-form-builder__label-text\">Phone*<\/div><\/div>\t<\/div>\n<div class=\"jet-form-builder-col__end\">\n\t<div class=\"jet-form-builder__field-wrap\">\n\t\t\t\t<input name=\"telephone\" id=\"telephone\" type=\"text\" data-field-name=\"telephone\" class=\"jet-form-builder__field text-field\" data-jfb-sync=\"null\" autocomplete=\"off_2vVUwpTX\">\n\t\t\t\t\t<\/div><\/div>\n\n<\/div><\/div>\n\n<div class=\"jet-sm-gb-wrapper jet-sm-gb-8d325269-eeb3-47bb-9d92-7a79b51679f9\" data-block-id=\"jet-sm-gb-8d325269-eeb3-47bb-9d92-7a79b51679f9\" ><div  class=\"jet-form-builder-row field-type-textarea-field\" >\n\t<div class=\"jet-form-builder-col__start\">\n\t\t<div class=\"jet-form-builder__label\">\r\n<div class=\"jet-form-builder__label-text\">Your message<\/div><\/div>\t<\/div>\n<div class=\"jet-form-builder-col__end\">\n\t<div class=\"jet-form-builder__field-wrap\">\n\t\t<textarea class=\"jet-form-builder__field textarea-field\" name=\"votre_message\" data-field-name=\"votre_message\" id=\"votre_message\" data-jfb-sync=\"null\"><\/textarea>\n\t<\/div><\/div>\n\n<\/div><\/div>\n\n<div class=\"jet-sm-gb-wrapper jet-sm-gb-e49443d8-8a29-40ba-8288-836622af67ec\" data-block-id=\"jet-sm-gb-e49443d8-8a29-40ba-8288-836622af67ec\" ><input type=\"hidden\" class=\"captcha-token\" name=\"_captcha_token\" value=\"\"\/><div  class=\"jet-form-builder-row field-type-submit-field\" >\n\t<div data-type=\"submit\" class=\"jet-form-builder__action-button-wrapper jet-form-builder__submit-wrap\">\n\t<button class=\"jet-form-builder__action-button jet-form-builder__submit submit-type-ajax\" type=\"submit\">SEND !<\/button>\n\t<\/div>\n\t\n<\/div><\/div><\/div>\n<\/div>\n\n\n\n<p><\/p>\n\t<div class=\"jet-form-builder-messages-wrap\" data-form-id=\"3775\"><\/div>\n<input type=\"hidden\" name=\"trp-form-language\" value=\"en\"\/><\/form>\n\t\t\t\t<\/div>\n\t\t\t\t<\/div>\n\t\t\t\t\t<\/div>\n\t\t<\/div>\n\t\t\t\t\t<\/div>\n\t\t<\/section>\n\t\t\t\t<section class=\"elementor-section elementor-top-section elementor-element elementor-element-54cb0aa9 elementor-section-full_width elementor-section-height-default elementor-section-height-default\" data-id=\"54cb0aa9\" data-element_type=\"section\" data-e-type=\"section\" data-settings=\"{&quot;jet_parallax_layout_list&quot;:[]}\">\n\t\t\t\t\t\t<div class=\"elementor-container elementor-column-gap-no\">\n\t\t\t\t\t<div class=\"elementor-column elementor-col-100 elementor-top-column elementor-element elementor-element-14c70e09\" data-id=\"14c70e09\" data-element_type=\"column\" data-e-type=\"column\">\n\t\t\t<div class=\"elementor-widget-wrap elementor-element-populated\">\n\t\t\t\t\t\t<div class=\"elementor-element elementor-element-3e7956fc elementor-widget elementor-widget-google_maps\" data-id=\"3e7956fc\" data-element_type=\"widget\" data-e-type=\"widget\" data-widget_type=\"google_maps.default\">\n\t\t\t\t<div class=\"elementor-widget-container\">\n\t\t\t\t\t\t\t<div class=\"elementor-custom-embed\">\n\t\t\t<iframe loading=\"lazy\"\n\t\t\t\t\tsrc=\"https:\/\/maps.google.com\/maps?q=Arcadie%20Plaisance&#038;t=m&#038;z=15&#038;output=embed&#038;iwloc=near\"\n\t\t\t\t\ttitle=\"Arcadie Plaisance\"\n\t\t\t\t\taria-label=\"Arcadie Plaisance\"\n\t\t\t><\/iframe>\n\t\t<\/div>\n\t\t\t\t\t\t<\/div>\n\t\t\t\t<\/div>\n\t\t\t\t\t<\/div>\n\t\t<\/div>\n\t\t\t\t\t<\/div>\n\t\t<\/section>\n\t\t\t\t<\/div>","protected":false},"excerpt":{"rendered":"<p>CONTACTER ARCADIE PLAISANCE Choisissez le moyen de communication qui vous convient pour nous contacter : Par mail, par t\u00e9l\u00e9phone ou via le formulaire, nous r\u00e9pondrons dans les meilleurs d\u00e9lais. 22 Place Fran\u00e7ois Spoerry Port Grimaud Sud 83310 GRIMAUD\u200b +33 (0)4 94 55 23 29\u200b charter@major-group.fr Envoyez votre message Nom * E-mail * T\u00e9l\u00e9phone * Votre [&hellip;]<\/p>","protected":false},"author":1,"featured_media":0,"parent":0,"menu_order":0,"comment_status":"closed","ping_status":"closed","template":"","meta":{"inline_featured_image":false,"_jet_sm_ready_style":"","_jet_sm_style":"","_jet_sm_controls_values":"","_jet_sm_fonts_collection":"","_jet_sm_fonts_links":"","footnotes":""},"class_list":["post-2948","page","type-page","status-publish","hentry"],"yoast_head":"<!-- This site is optimized with the Yoast SEO plugin v25.6 - https:\/\/yoast.com\/wordpress\/plugins\/seo\/ -->\n<title>Contacter ARCADIE PLAISANCE - ARCADIE PLAISANCE<\/title>\n<meta name=\"description\" content=\"Vous souhaitez plus d&#039;informations sur un de nos bateaux \u00e0 la location \u00e0 Port Grimaud ou simplement nous contacter : Utilisez le formulaire.\" \/>\n<meta name=\"robots\" content=\"index, follow, max-snippet:-1, max-image-preview:large, max-video-preview:-1\" \/>\n<link rel=\"canonical\" href=\"https:\/\/www.arcadieplaisance.com\/en\/contacter-arcadie-plaisance\/\" \/>\n<meta property=\"og:locale\" content=\"en_US\" \/>\n<meta property=\"og:type\" content=\"article\" \/>\n<meta property=\"og:title\" content=\"Contacter ARCADIE PLAISANCE - ARCADIE PLAISANCE\" \/>\n<meta property=\"og:description\" content=\"Vous souhaitez plus d&#039;informations sur un de nos bateaux \u00e0 la location \u00e0 Port Grimaud ou simplement nous contacter : Utilisez le formulaire.\" \/>\n<meta property=\"og:url\" content=\"https:\/\/www.arcadieplaisance.com\/en\/contacter-arcadie-plaisance\/\" \/>\n<meta property=\"og:site_name\" content=\"ARCADIE PLAISANCE\" \/>\n<meta property=\"article:publisher\" content=\"https:\/\/www.facebook.com\/Arcadieplaisance\" \/>\n<meta property=\"article:modified_time\" content=\"2025-04-22T15:39:15+00:00\" \/>\n<meta property=\"og:image\" content=\"https:\/\/www.arcadieplaisance.com\/wp-content\/uploads\/2023\/06\/image-site-yoast_arcadie-plaisance.jpg\" \/>\n\t<meta property=\"og:image:width\" content=\"1200\" \/>\n\t<meta property=\"og:image:height\" content=\"675\" \/>\n\t<meta property=\"og:image:type\" content=\"image\/jpeg\" \/>\n<meta name=\"twitter:card\" content=\"summary_large_image\" \/>\n<meta name=\"twitter:label1\" content=\"Est. reading time\" \/>\n\t<meta name=\"twitter:data1\" content=\"1 minute\" \/>\n<script type=\"application\/ld+json\" class=\"yoast-schema-graph\">{\"@context\":\"https:\/\/schema.org\",\"@graph\":[{\"@type\":\"Article\",\"@id\":\"https:\/\/www.arcadieplaisance.com\/contacter-arcadie-plaisance\/#article\",\"isPartOf\":{\"@id\":\"https:\/\/www.arcadieplaisance.com\/contacter-arcadie-plaisance\/\"},\"author\":{\"name\":\"Arcadie Plaisance\",\"@id\":\"https:\/\/www.arcadieplaisance.com\/#\/schema\/person\/0089a48c31db38f6272c615387412ace\"},\"headline\":\"Contacter ARCADIE PLAISANCE\",\"datePublished\":\"2023-05-08T19:45:31+00:00\",\"dateModified\":\"2025-04-22T15:39:15+00:00\",\"mainEntityOfPage\":{\"@id\":\"https:\/\/www.arcadieplaisance.com\/contacter-arcadie-plaisance\/\"},\"wordCount\":57,\"publisher\":{\"@id\":\"https:\/\/www.arcadieplaisance.com\/#organization\"},\"inLanguage\":\"en-US\"},{\"@type\":\"WebPage\",\"@id\":\"https:\/\/www.arcadieplaisance.com\/contacter-arcadie-plaisance\/\",\"url\":\"https:\/\/www.arcadieplaisance.com\/contacter-arcadie-plaisance\/\",\"name\":\"Contacter ARCADIE PLAISANCE - ARCADIE PLAISANCE\",\"isPartOf\":{\"@id\":\"https:\/\/www.arcadieplaisance.com\/#website\"},\"datePublished\":\"2023-05-08T19:45:31+00:00\",\"dateModified\":\"2025-04-22T15:39:15+00:00\",\"description\":\"Vous souhaitez plus d'informations sur un de nos bateaux \u00e0 la location \u00e0 Port Grimaud ou simplement nous contacter : Utilisez le formulaire.\",\"breadcrumb\":{\"@id\":\"https:\/\/www.arcadieplaisance.com\/contacter-arcadie-plaisance\/#breadcrumb\"},\"inLanguage\":\"en-US\",\"potentialAction\":[{\"@type\":\"ReadAction\",\"target\":[\"https:\/\/www.arcadieplaisance.com\/contacter-arcadie-plaisance\/\"]}]},{\"@type\":\"BreadcrumbList\",\"@id\":\"https:\/\/www.arcadieplaisance.com\/contacter-arcadie-plaisance\/#breadcrumb\",\"itemListElement\":[{\"@type\":\"ListItem\",\"position\":1,\"name\":\"Accueil\",\"item\":\"https:\/\/www.arcadieplaisance.com\/\"},{\"@type\":\"ListItem\",\"position\":2,\"name\":\"Contacter ARCADIE PLAISANCE\"}]},{\"@type\":\"WebSite\",\"@id\":\"https:\/\/www.arcadieplaisance.com\/#website\",\"url\":\"https:\/\/www.arcadieplaisance.com\/\",\"name\":\"ARCADIE PLAISANCE\",\"description\":\"Charter &amp; Event, Gulf of Saint-Tropez\",\"publisher\":{\"@id\":\"https:\/\/www.arcadieplaisance.com\/#organization\"},\"potentialAction\":[{\"@type\":\"SearchAction\",\"target\":{\"@type\":\"EntryPoint\",\"urlTemplate\":\"https:\/\/www.arcadieplaisance.com\/?s={search_term_string}\"},\"query-input\":{\"@type\":\"PropertyValueSpecification\",\"valueRequired\":true,\"valueName\":\"search_term_string\"}}],\"inLanguage\":\"en-US\"},{\"@type\":\"Organization\",\"@id\":\"https:\/\/www.arcadieplaisance.com\/#organization\",\"name\":\"SAS ARCADIE PLAISANCE\",\"url\":\"https:\/\/www.arcadieplaisance.com\/\",\"logo\":{\"@type\":\"ImageObject\",\"inLanguage\":\"en-US\",\"@id\":\"https:\/\/www.arcadieplaisance.com\/#\/schema\/logo\/image\/\",\"url\":\"https:\/\/www.arcadieplaisance.com\/wp-content\/uploads\/2023\/03\/logo-arcadie-plaisance-port-grimaud-var.png\",\"contentUrl\":\"https:\/\/www.arcadieplaisance.com\/wp-content\/uploads\/2023\/03\/logo-arcadie-plaisance-port-grimaud-var.png\",\"width\":350,\"height\":159,\"caption\":\"SAS ARCADIE PLAISANCE\"},\"image\":{\"@id\":\"https:\/\/www.arcadieplaisance.com\/#\/schema\/logo\/image\/\"},\"sameAs\":[\"https:\/\/www.facebook.com\/Arcadieplaisance\",\"https:\/\/www.instagram.com\/arcadieplaisance\/\"]},{\"@type\":\"Person\",\"@id\":\"https:\/\/www.arcadieplaisance.com\/#\/schema\/person\/0089a48c31db38f6272c615387412ace\",\"name\":\"Arcadie Plaisance\",\"image\":{\"@type\":\"ImageObject\",\"inLanguage\":\"en-US\",\"@id\":\"https:\/\/www.arcadieplaisance.com\/#\/schema\/person\/image\/\",\"url\":\"https:\/\/secure.gravatar.com\/avatar\/efd469d5bdfefac79ecddf3663a3f6643d7970ebb43c84dfe7df609e6c939fac?s=96&d=mm&r=g\",\"contentUrl\":\"https:\/\/secure.gravatar.com\/avatar\/efd469d5bdfefac79ecddf3663a3f6643d7970ebb43c84dfe7df609e6c939fac?s=96&d=mm&r=g\",\"caption\":\"Arcadie Plaisance\"},\"sameAs\":[\"https:\/\/www.arcadieplaisance.com\"],\"url\":\"https:\/\/www.arcadieplaisance.com\/en\/author\/arcadie-plaisance\/\"}]}<\/script>\n<!-- \/ Yoast SEO plugin. -->","yoast_head_json":{"title":"Contacter ARCADIE PLAISANCE - ARCADIE PLAISANCE","description":"Vous souhaitez plus d'informations sur un de nos bateaux \u00e0 la location \u00e0 Port Grimaud ou simplement nous contacter : Utilisez le formulaire.","robots":{"index":"index","follow":"follow","max-snippet":"max-snippet:-1","max-image-preview":"max-image-preview:large","max-video-preview":"max-video-preview:-1"},"canonical":"https:\/\/www.arcadieplaisance.com\/en\/contacter-arcadie-plaisance\/","og_locale":"en_US","og_type":"article","og_title":"Contacter ARCADIE PLAISANCE - ARCADIE PLAISANCE","og_description":"Vous souhaitez plus d'informations sur un de nos bateaux \u00e0 la location \u00e0 Port Grimaud ou simplement nous contacter : Utilisez le formulaire.","og_url":"https:\/\/www.arcadieplaisance.com\/en\/contacter-arcadie-plaisance\/","og_site_name":"ARCADIE PLAISANCE","article_publisher":"https:\/\/www.facebook.com\/Arcadieplaisance","article_modified_time":"2025-04-22T15:39:15+00:00","og_image":[{"width":1200,"height":675,"url":"https:\/\/www.arcadieplaisance.com\/wp-content\/uploads\/2023\/06\/image-site-yoast_arcadie-plaisance.jpg","type":"image\/jpeg"}],"twitter_card":"summary_large_image","twitter_misc":{"Est. reading time":"1 minute"},"schema":{"@context":"https:\/\/schema.org","@graph":[{"@type":"Article","@id":"https:\/\/www.arcadieplaisance.com\/contacter-arcadie-plaisance\/#article","isPartOf":{"@id":"https:\/\/www.arcadieplaisance.com\/contacter-arcadie-plaisance\/"},"author":{"name":"Arcadie Plaisance","@id":"https:\/\/www.arcadieplaisance.com\/#\/schema\/person\/0089a48c31db38f6272c615387412ace"},"headline":"Contacter ARCADIE PLAISANCE","datePublished":"2023-05-08T19:45:31+00:00","dateModified":"2025-04-22T15:39:15+00:00","mainEntityOfPage":{"@id":"https:\/\/www.arcadieplaisance.com\/contacter-arcadie-plaisance\/"},"wordCount":57,"publisher":{"@id":"https:\/\/www.arcadieplaisance.com\/#organization"},"inLanguage":"en-US"},{"@type":"WebPage","@id":"https:\/\/www.arcadieplaisance.com\/contacter-arcadie-plaisance\/","url":"https:\/\/www.arcadieplaisance.com\/contacter-arcadie-plaisance\/","name":"Contacter ARCADIE PLAISANCE - ARCADIE PLAISANCE","isPartOf":{"@id":"https:\/\/www.arcadieplaisance.com\/#website"},"datePublished":"2023-05-08T19:45:31+00:00","dateModified":"2025-04-22T15:39:15+00:00","description":"Vous souhaitez plus d'informations sur un de nos bateaux \u00e0 la location \u00e0 Port Grimaud ou simplement nous contacter : Utilisez le formulaire.","breadcrumb":{"@id":"https:\/\/www.arcadieplaisance.com\/contacter-arcadie-plaisance\/#breadcrumb"},"inLanguage":"en-US","potentialAction":[{"@type":"ReadAction","target":["https:\/\/www.arcadieplaisance.com\/contacter-arcadie-plaisance\/"]}]},{"@type":"BreadcrumbList","@id":"https:\/\/www.arcadieplaisance.com\/contacter-arcadie-plaisance\/#breadcrumb","itemListElement":[{"@type":"ListItem","position":1,"name":"Accueil","item":"https:\/\/www.arcadieplaisance.com\/"},{"@type":"ListItem","position":2,"name":"Contacter ARCADIE PLAISANCE"}]},{"@type":"WebSite","@id":"https:\/\/www.arcadieplaisance.com\/#website","url":"https:\/\/www.arcadieplaisance.com\/","name":"ARCADIE PLAISANCE","description":"Charter &amp; Event, Gulf of Saint-Tropez","publisher":{"@id":"https:\/\/www.arcadieplaisance.com\/#organization"},"potentialAction":[{"@type":"SearchAction","target":{"@type":"EntryPoint","urlTemplate":"https:\/\/www.arcadieplaisance.com\/?s={search_term_string}"},"query-input":{"@type":"PropertyValueSpecification","valueRequired":true,"valueName":"search_term_string"}}],"inLanguage":"en-US"},{"@type":"Organization","@id":"https:\/\/www.arcadieplaisance.com\/#organization","name":"SAS ARCADIE PLAISANCE","url":"https:\/\/www.arcadieplaisance.com\/","logo":{"@type":"ImageObject","inLanguage":"en-US","@id":"https:\/\/www.arcadieplaisance.com\/#\/schema\/logo\/image\/","url":"https:\/\/www.arcadieplaisance.com\/wp-content\/uploads\/2023\/03\/logo-arcadie-plaisance-port-grimaud-var.png","contentUrl":"https:\/\/www.arcadieplaisance.com\/wp-content\/uploads\/2023\/03\/logo-arcadie-plaisance-port-grimaud-var.png","width":350,"height":159,"caption":"SAS ARCADIE PLAISANCE"},"image":{"@id":"https:\/\/www.arcadieplaisance.com\/#\/schema\/logo\/image\/"},"sameAs":["https:\/\/www.facebook.com\/Arcadieplaisance","https:\/\/www.instagram.com\/arcadieplaisance\/"]},{"@type":"Person","@id":"https:\/\/www.arcadieplaisance.com\/#\/schema\/person\/0089a48c31db38f6272c615387412ace","name":"Arcadie Plaisance","image":{"@type":"ImageObject","inLanguage":"en-US","@id":"https:\/\/www.arcadieplaisance.com\/#\/schema\/person\/image\/","url":"https:\/\/secure.gravatar.com\/avatar\/efd469d5bdfefac79ecddf3663a3f6643d7970ebb43c84dfe7df609e6c939fac?s=96&d=mm&r=g","contentUrl":"https:\/\/secure.gravatar.com\/avatar\/efd469d5bdfefac79ecddf3663a3f6643d7970ebb43c84dfe7df609e6c939fac?s=96&d=mm&r=g","caption":"Arcadie Plaisance"},"sameAs":["https:\/\/www.arcadieplaisance.com"],"url":"https:\/\/www.arcadieplaisance.com\/en\/author\/arcadie-plaisance\/"}]}},"_links":{"self":[{"href":"https:\/\/www.arcadieplaisance.com\/en\/wp-json\/wp\/v2\/pages\/2948","targetHints":{"allow":["GET"]}}],"collection":[{"href":"https:\/\/www.arcadieplaisance.com\/en\/wp-json\/wp\/v2\/pages"}],"about":[{"href":"https:\/\/www.arcadieplaisance.com\/en\/wp-json\/wp\/v2\/types\/page"}],"author":[{"embeddable":true,"href":"https:\/\/www.arcadieplaisance.com\/en\/wp-json\/wp\/v2\/users\/1"}],"replies":[{"embeddable":true,"href":"https:\/\/www.arcadieplaisance.com\/en\/wp-json\/wp\/v2\/comments?post=2948"}],"version-history":[{"count":0,"href":"https:\/\/www.arcadieplaisance.com\/en\/wp-json\/wp\/v2\/pages\/2948\/revisions"}],"wp:attachment":[{"href":"https:\/\/www.arcadieplaisance.com\/en\/wp-json\/wp\/v2\/media?parent=2948"}],"curies":[{"name":"wp","href":"https:\/\/api.w.org\/{rel}","templated":true}]}}